{"id":488,"date":"2021-07-16T13:10:00","date_gmt":"2021-07-16T13:10:00","guid":{"rendered":"http:\/\/texaswic.net\/?page_id=488"},"modified":"2024-08-09T13:57:18","modified_gmt":"2024-08-09T13:57:18","slug":"wic-texas","status":"publish","type":"page","link":"https:\/\/texaswic.net\/?page_id=488&lang=es","title":{"rendered":"WIC Texas"},"content":{"rendered":"\t\t<div data-elementor-type=\"wp-page\" data-elementor-id=\"488\" class=\"elementor elementor-488\">\n\t\t\t\t\t\t<section class=\"elementor-section elementor-top-section elementor-element elementor-element-427d6ff elementor-section-boxed elementor-section-height-default elementor-section-height-default\" data-id=\"427d6ff\" data-element_type=\"section\" data-e-type=\"section\">\n\t\t\t\t\t\t<div class=\"elementor-container elementor-column-gap-default\">\n\t\t\t\t\t<div class=\"elementor-column elementor-col-100 elementor-top-column elementor-element elementor-element-53e1464\" data-id=\"53e1464\" data-element_type=\"column\" data-e-type=\"column\">\n\t\t\t<div class=\"elementor-widget-wrap elementor-element-populated\">\n\t\t\t\t\t\t<div class=\"elementor-element elementor-element-0263a62 elementor-widget elementor-widget-text-editor\" data-id=\"0263a62\" data-element_type=\"widget\" data-e-type=\"widget\" data-widget_type=\"text-editor.default\">\n\t\t\t\t<div class=\"elementor-widget-container\">\n\t\t\t\t\t\t\t\t\t<p><img fetchpriority=\"high\" decoding=\"async\" src=\"http:\/\/wicdallas.net\/wp-content\/uploads\/2020\/12\/shutterstock_770901967-scaled-e1613141382455.jpg\" alt=\"\" width=\"860\" height=\"573\" \/><\/p><p>\u00bfNecesita ayuda para conseguir la comida adecuada para alimentar a su beb\u00e9? No se preocupe porque Texas WIC est\u00e1 listo para ayudarle.<\/p><p>Tal vez haya o\u00eddo hablar de WIC, el Programa Especial de Nutrici\u00f3n Suplementaria para Mujeres, Beb\u00e9s y Ni\u00f1os, pero no est\u00e1 seguro de c\u00f3mo solicitarlo. Quiz\u00e1s no estaba seguro de si el programa puede ayudarle. A continuaci\u00f3n, encontrar\u00e1 todos los detalles sobre c\u00f3mo usted puede solicitar WIC de Texas.<\/p><p><b>\u00bfPOR QU\u00c9 TEXAS WIC?<\/b><\/p><p>WIC brinda apoyo nutricional, educaci\u00f3n y alimentos gratuitos para un embarazo saludable, lactancia materna y acceso a alimentos de WIC.<\/p><p><b>\u00bfQUI\u00c9N CALIFICA?<\/b><\/p><p>Mujeres embarazadas, mujeres que amamantan, mujeres que han tenido un beb\u00e9 en los \u00faltimos 6 meses, beb\u00e9s, ni\u00f1os de hasta 5 a\u00f1os y ni\u00f1os de crianza temporal hasta los 5 a\u00f1os en que cumplen con los requisitos de ingresos.<\/p><p><b>\u00bfCU\u00c1L ES ELEGIBILIDAD DE INGRESO M\u00c1XIMO?<\/b><\/p><p>Si ya recibe Medicaid, TANF o SNAP, es posible que ya cumpla con las pautas de elegibilidad de ingresos para WIC. Si no est\u00e1 en estos programas, a\u00fan puede calificar para WIC si cumple con los requisitos en su hogar. La tabla informativa a continuaci\u00f3n fue proporcionada por Texas WIC, pero est\u00e1 sujeta a cambios.<\/p><table><tbody><tr><td><p>N\u00famero de miembros del hogar *<\/p><\/td><td><p>Ingreso bruto mensual del hogar **<\/p><\/td><td><p>Ingreso anual bruto del hogar **<\/p><\/td><\/tr><tr><td><p>1<\/p><\/td><td><p>$2,322<\/p><\/td><td><p>$ 27,861<\/p><\/td><\/tr><tr><td><p>2<\/p><\/td><td><p>$3,152<\/p><\/td><td><p>$37,814<\/p><\/td><\/tr><tr><td><p>3<\/p><\/td><td><p>$3,981<\/p><\/td><td><p>$47,767<\/p><\/td><\/tr><tr><td><p>4<\/p><\/td><td><p>$4,810<\/p><\/td><td><p>$57,720<\/p><\/td><\/tr><tr><td><p>5<\/p><\/td><td><p>$5,640<\/p><\/td><td><p>67,673<\/p><\/td><\/tr><tr><td><p>6<\/p><\/td><td><p>$6,469<\/p><\/td><td><p>$77,626<\/p><\/td><\/tr><tr><td><p>* El hogar de una mujer embarazada aumenta por el n\u00famero de beb\u00e9s que est\u00e1 esperando. Para m\u00e1s de 6 miembros del hogar, o si tiene alguna pregunta sobre ingresos, llame al 1-800-942-3678<\/p><\/td><td><p>** Los ingresos tambi\u00e9n se pueden determinar de forma semanal o quincenal. Para obtener m\u00e1s informaci\u00f3n, llame al 1-800-942-3678.<\/p><\/td><td><p>** Los ingresos tambi\u00e9n se pueden determinar de forma semanal o quincenal. Para obtener m\u00e1s informaci\u00f3n, llame al 1-800-942-3678.<\/p><\/td><\/tr><\/tbody><\/table><p><b>\u00bfC\u00d3MO ME INSCRIBO?<\/b><\/p><p>Inicie una solicitud en l\u00ednea en TexasWIC.org o llame al 1-800-942-3678. Tambi\u00e9n puede encontrar una cl\u00ednica cercana en TexasWIC.org y hacer una cita para visitarla.<\/p><p><b>\u00bfQU\u00c9 DEBO ESPERAR EN LA PRIMERA CITA?<\/b><\/p><p>Tenga una identificaci\u00f3n para todos los miembros de la familia que soliciten WIC. Puede incluir CUALQUIERA de los siguientes:<\/p><p>Formulario \/ carta de Medicaid, SNAP o TANF<\/p><p>Licencia de conducir<\/p><p>Tarjeta de seguro Social<\/p><p>Certificado de nacimiento<\/p><p>Otra prueba (consulte con WIC para obtener m\u00e1s informaci\u00f3n)<\/p><p>Adem\u00e1s, comprobante de ingresos de todos los miembros del hogar, como:<\/p><p>Formulario o carta de Medicaid, SNAP, TANF (con fecha del mismo mes que la cita de WIC)<\/p><p>Copia del\u00a0 cheque de pago con fecha dentro de los 30 d\u00edas calendario de la cita de WIC<\/p><p>Declaraci\u00f3n de beneficios del Seguro Social<\/p><p>Declaraciones de impuestos<\/p><p>Manutenci\u00f3n de los hijos<\/p><p>Otro (consulte con WIC para obtener m\u00e1s informaci\u00f3n)<\/p><p>Adem\u00e1s, prueba o donde vive<\/p><p>Los solicitantes\u00a0 deben ser residentes de Texas. El documento de prueba debe tener su nombre, direcci\u00f3n, ciudad, estado y c\u00f3digo postal. Ejemplos incluyen:<\/p><p>Formulario \/ carta de Medicaid, SNAP o TANF<\/p><p>Factura de servicios p\u00fablicos (luz, agua o tel\u00e9fono)<\/p><p>Recibo de alquiler o carta del propietario<\/p><p>Otra prueba (consulte con WIC para obtener m\u00e1s informaci\u00f3n)<\/p><p>WIC medir\u00e1 la altura, el peso y evaluar\u00e1\u00a0 su salud mediante un examen de sangre para checar sus niveles de\u00a0 hematocrito o el nivel de hemoglobina de cada solicitante y ofrecer\u00e1 apoyo nutricional personalizado.<\/p><p><b>\u00bfQU\u00c9 SERVICIOS OFRECE WIC?<\/b><\/p><p><b>EDUCACI\u00d3N NUTRICIONAL<\/b><\/p><p>WIC ofrece asesoramiento y educaci\u00f3n nutricional personalizados.<\/p><p><b>ALIMENTOS DE WIC<\/b><\/p><p>WIC ayuda a las familias a comprar alimentos nutritivos para ayudarles a crecer sanos y fuertes. El paquete de alimentos mensual puede incluir:<\/p><p>F\u00f3rmula para beb\u00e9s y alimentos para beb\u00e9s<\/p><p>Frutas y vegetales<\/p><p>Jugos 100% de frutas y verduras<\/p><p>Leche, queso y yogurt<\/p><p>Huevos<\/p><p>Granos enteros como arroz integral, tortillas de trigo integral, pasta de trigo integral y pan de trigo integral<\/p><p>Cereal saludable<\/p><p>Frijoles<\/p><p>Mantequilla de Cacahuate<\/p><p>Pescado enlatado<\/p><p><b>APOYO A LA LACTANCIA<\/b><\/p><p>WIC brinda apoyo gratuito para la lactancia. Para ayudar a las mam\u00e1s a alcanzar sus metas. La mayor\u00eda de las cl\u00ednicas de WIC ofrece consejer\u00eda a \u00a0 parejas\u00a0 y \/ o consultoras de lactancia certificadas por la Junta Internacional. Una l\u00ednea directa gratuita de apoyo a la lactancia est\u00e1 disponible para ayudar al 1-855-550-6667. Visite breastmilkcounts.com para obtener m\u00e1s informaci\u00f3n.<\/p><p><b>REFERENCIAS<\/b><\/p><p>WIC tambi\u00e9n puede conectarlo con otros servicios de salud como Medicaid, Pasos Sanos de Texas, Programa de Seguro M\u00e9dico para Ni\u00f1os, SNAP, inmunizaciones y atenci\u00f3n dental. \u00a1Tambi\u00e9n puede referirse a necesidades relacionadas con el cuidado de ni\u00f1os, vivienda, transporte y m\u00e1s!<\/p><p>* Toda la informaci\u00f3n proporcionada por Texas WIC.<\/p><section class=\"entry-content cf\"><main id=\"main\" class=\"clearfix width-100 full-bg\"><p>\u00a0<\/p><div class=\"fusion-row\"><section id=\"content\" class=\"full-width\"><div id=\"post-3606\" class=\"post-3606 page type-page status-publish hentry\"><div class=\"post-content\"><div class=\"fusion-fullwidth fullwidth-box fusion-builder-row-10 nonhundred-percent-fullwidth non-hundred-percent-height-scrolling\"><div class=\"fusion-builder-row fusion-row\"><div class=\"fusion-layout-column fusion_builder_column fusion-builder-column-20 fusion_builder_column_1_1 1_1 fusion-one-full fusion-column-first fusion-column-last\"><div class=\"fusion-column-wrapper fusion-flex-column-wrapper-legacy\"><div class=\"fusion-alert alert custom alert-custom fusion-alert-center fusion-alert-capitalize alert-dismissable\"><div class=\"fusion-alert-content-wrapper\"><span class=\"fusion-alert-content\"><a href=\"http:\/\/groceryservicesnorth.com\/es\">GROCERY SERVICES NORTH<\/a> , <a href=\"http:\/\/lonestarfamilymarket.com\/es\">LONE STAR FAMILY<\/a> <a href=\"http:\/\/lonestarfamilymarket.com\/es\">MARKET<\/a> and<a href=\"http:\/\/jcfoodmart.com\/es\"> JC FOOD MART<\/a> ES UN PROVEEDOR DE SERVICIOS DEL PROGRAMA WIC, NO PARTE DEL <a href=\"https:\/\/texaswic.org\/es\" target=\"_blank\" rel=\"noopener noreferrer\">PROGRAMA WIC<\/a>2,322<\/span><\/div><\/div><\/div><\/div><\/div><\/div><\/div><\/div><\/section><\/div><p>\u00a0<\/p><\/main><\/section>\t\t\t\t\t\t\t\t<\/div>\n\t\t\t\t<\/div>\n\t\t\t\t\t<\/div>\n\t\t<\/div>\n\t\t\t\t\t<\/div>\n\t\t<\/section>\n\t\t\t\t<\/div>\n\t\t","protected":false},"excerpt":{"rendered":"<p>\u00bfNecesita ayuda para conseguir la comida adecuada para alimentar a su beb\u00e9? No se preocupe porque Texas WIC est\u00e1 listo para ayudarle. Tal vez haya o\u00eddo hablar de WIC, el Programa Especial de Nutrici\u00f3n Suplementaria para Mujeres, Beb\u00e9s y Ni\u00f1os, pero no est\u00e1 seguro de c\u00f3mo solicitarlo. Quiz\u00e1s no estaba seguro de si el programa [&hellip;]<\/p>\n","protected":false},"author":1,"featured_media":0,"parent":0,"menu_order":0,"comment_status":"closed","ping_status":"closed","template":"","meta":{"footnotes":""},"class_list":["post-488","page","type-page","status-publish","hentry"],"yoast_head":"<!-- This site is optimized with the Yoast SEO plugin v27.6 - https:\/\/yoast.com\/product\/yoast-seo-wordpress\/ -->\n<title>WIC Texas - TexasWic.Net<\/title>\n<meta name=\"description\" content=\"Texas WIC is a program that stands for \u2018Women, Infants and Children\u2019. It\u2019s a nutrition assistance program that helps babies, children and pregnant and nursing mothers.\" \/>\n<meta name=\"robots\" content=\"index, follow, max-snippet:-1, max-image-preview:large, max-video-preview:-1\" \/>\n<link rel=\"canonical\" href=\"https:\/\/texaswic.net\/?page_id=488&lang=es\" \/>\n<meta property=\"og:locale\" content=\"en_US\" \/>\n<meta property=\"og:type\" content=\"article\" \/>\n<meta property=\"og:title\" content=\"WIC Texas - TexasWic.Net\" \/>\n<meta property=\"og:description\" content=\"Texas WIC is a program that stands for \u2018Women, Infants and Children\u2019. It\u2019s a nutrition assistance program that helps babies, children and pregnant and nursing mothers.\" \/>\n<meta property=\"og:url\" content=\"https:\/\/texaswic.net\/?page_id=488&amp;lang=es\" \/>\n<meta property=\"og:site_name\" content=\"TexasWic.Net\" \/>\n<meta property=\"article:modified_time\" content=\"2024-08-09T13:57:18+00:00\" \/>\n<meta property=\"og:image\" content=\"http:\/\/wicdallas.net\/wp-content\/uploads\/2020\/12\/shutterstock_770901967-scaled-e1613141382455.jpg\" \/>\n<meta name=\"twitter:card\" content=\"summary_large_image\" \/>\n<meta name=\"twitter:label1\" content=\"Est. reading time\" \/>\n\t<meta name=\"twitter:data1\" content=\"4 minutes\" \/>\n<script type=\"application\/ld+json\" class=\"yoast-schema-graph\">{\"@context\":\"https:\\\/\\\/schema.org\",\"@graph\":[{\"@type\":\"WebPage\",\"@id\":\"https:\\\/\\\/texaswic.net\\\/?page_id=488&lang=es\",\"url\":\"https:\\\/\\\/texaswic.net\\\/?page_id=488&lang=es\",\"name\":\"WIC Texas - TexasWic.Net\",\"isPartOf\":{\"@id\":\"https:\\\/\\\/texaswic.net\\\/#website\"},\"primaryImageOfPage\":{\"@id\":\"https:\\\/\\\/texaswic.net\\\/?page_id=488&lang=es#primaryimage\"},\"image\":{\"@id\":\"https:\\\/\\\/texaswic.net\\\/?page_id=488&lang=es#primaryimage\"},\"thumbnailUrl\":\"http:\\\/\\\/wicdallas.net\\\/wp-content\\\/uploads\\\/2020\\\/12\\\/shutterstock_770901967-scaled-e1613141382455.jpg\",\"datePublished\":\"2021-07-16T13:10:00+00:00\",\"dateModified\":\"2024-08-09T13:57:18+00:00\",\"description\":\"Texas WIC is a program that stands for \u2018Women, Infants and Children\u2019. It\u2019s a nutrition assistance program that helps babies, children and pregnant and nursing mothers.\",\"breadcrumb\":{\"@id\":\"https:\\\/\\\/texaswic.net\\\/?page_id=488&lang=es#breadcrumb\"},\"inLanguage\":\"en-US\",\"potentialAction\":[{\"@type\":\"ReadAction\",\"target\":[\"https:\\\/\\\/texaswic.net\\\/?page_id=488&lang=es\"]}]},{\"@type\":\"ImageObject\",\"inLanguage\":\"en-US\",\"@id\":\"https:\\\/\\\/texaswic.net\\\/?page_id=488&lang=es#primaryimage\",\"url\":\"http:\\\/\\\/wicdallas.net\\\/wp-content\\\/uploads\\\/2020\\\/12\\\/shutterstock_770901967-scaled-e1613141382455.jpg\",\"contentUrl\":\"http:\\\/\\\/wicdallas.net\\\/wp-content\\\/uploads\\\/2020\\\/12\\\/shutterstock_770901967-scaled-e1613141382455.jpg\"},{\"@type\":\"BreadcrumbList\",\"@id\":\"https:\\\/\\\/texaswic.net\\\/?page_id=488&lang=es#breadcrumb\",\"itemListElement\":[{\"@type\":\"ListItem\",\"position\":1,\"name\":\"Home\",\"item\":\"https:\\\/\\\/texaswic.net\\\/\"},{\"@type\":\"ListItem\",\"position\":2,\"name\":\"WIC Texas\"}]},{\"@type\":\"WebSite\",\"@id\":\"https:\\\/\\\/texaswic.net\\\/#website\",\"url\":\"https:\\\/\\\/texaswic.net\\\/\",\"name\":\"TexasWic.Net\",\"description\":\"Just another WordPress site\",\"publisher\":{\"@id\":\"https:\\\/\\\/texaswic.net\\\/#organization\"},\"potentialAction\":[{\"@type\":\"SearchAction\",\"target\":{\"@type\":\"EntryPoint\",\"urlTemplate\":\"https:\\\/\\\/texaswic.net\\\/?s={search_term_string}\"},\"query-input\":{\"@type\":\"PropertyValueSpecification\",\"valueRequired\":true,\"valueName\":\"search_term_string\"}}],\"inLanguage\":\"en-US\"},{\"@type\":\"Organization\",\"@id\":\"https:\\\/\\\/texaswic.net\\\/#organization\",\"name\":\"TexasWic.Net\",\"url\":\"https:\\\/\\\/texaswic.net\\\/\",\"logo\":{\"@type\":\"ImageObject\",\"inLanguage\":\"en-US\",\"@id\":\"https:\\\/\\\/texaswic.net\\\/#\\\/schema\\\/logo\\\/image\\\/\",\"url\":\"http:\\\/\\\/texaswic.net\\\/wp-content\\\/uploads\\\/2021\\\/06\\\/minilogo.jpg\",\"contentUrl\":\"http:\\\/\\\/texaswic.net\\\/wp-content\\\/uploads\\\/2021\\\/06\\\/minilogo.jpg\",\"width\":129,\"height\":129,\"caption\":\"TexasWic.Net\"},\"image\":{\"@id\":\"https:\\\/\\\/texaswic.net\\\/#\\\/schema\\\/logo\\\/image\\\/\"}}]}<\/script>\n<!-- \/ Yoast SEO plugin. -->","yoast_head_json":{"title":"WIC Texas - TexasWic.Net","description":"Texas WIC is a program that stands for \u2018Women, Infants and Children\u2019. It\u2019s a nutrition assistance program that helps babies, children and pregnant and nursing mothers.","robots":{"index":"index","follow":"follow","max-snippet":"max-snippet:-1","max-image-preview":"max-image-preview:large","max-video-preview":"max-video-preview:-1"},"canonical":"https:\/\/texaswic.net\/?page_id=488&lang=es","og_locale":"en_US","og_type":"article","og_title":"WIC Texas - TexasWic.Net","og_description":"Texas WIC is a program that stands for \u2018Women, Infants and Children\u2019. It\u2019s a nutrition assistance program that helps babies, children and pregnant and nursing mothers.","og_url":"https:\/\/texaswic.net\/?page_id=488&lang=es","og_site_name":"TexasWic.Net","article_modified_time":"2024-08-09T13:57:18+00:00","og_image":[{"url":"http:\/\/wicdallas.net\/wp-content\/uploads\/2020\/12\/shutterstock_770901967-scaled-e1613141382455.jpg","type":"","width":"","height":""}],"twitter_card":"summary_large_image","twitter_misc":{"Est. reading time":"4 minutes"},"schema":{"@context":"https:\/\/schema.org","@graph":[{"@type":"WebPage","@id":"https:\/\/texaswic.net\/?page_id=488&lang=es","url":"https:\/\/texaswic.net\/?page_id=488&lang=es","name":"WIC Texas - TexasWic.Net","isPartOf":{"@id":"https:\/\/texaswic.net\/#website"},"primaryImageOfPage":{"@id":"https:\/\/texaswic.net\/?page_id=488&lang=es#primaryimage"},"image":{"@id":"https:\/\/texaswic.net\/?page_id=488&lang=es#primaryimage"},"thumbnailUrl":"http:\/\/wicdallas.net\/wp-content\/uploads\/2020\/12\/shutterstock_770901967-scaled-e1613141382455.jpg","datePublished":"2021-07-16T13:10:00+00:00","dateModified":"2024-08-09T13:57:18+00:00","description":"Texas WIC is a program that stands for \u2018Women, Infants and Children\u2019. It\u2019s a nutrition assistance program that helps babies, children and pregnant and nursing mothers.","breadcrumb":{"@id":"https:\/\/texaswic.net\/?page_id=488&lang=es#breadcrumb"},"inLanguage":"en-US","potentialAction":[{"@type":"ReadAction","target":["https:\/\/texaswic.net\/?page_id=488&lang=es"]}]},{"@type":"ImageObject","inLanguage":"en-US","@id":"https:\/\/texaswic.net\/?page_id=488&lang=es#primaryimage","url":"http:\/\/wicdallas.net\/wp-content\/uploads\/2020\/12\/shutterstock_770901967-scaled-e1613141382455.jpg","contentUrl":"http:\/\/wicdallas.net\/wp-content\/uploads\/2020\/12\/shutterstock_770901967-scaled-e1613141382455.jpg"},{"@type":"BreadcrumbList","@id":"https:\/\/texaswic.net\/?page_id=488&lang=es#breadcrumb","itemListElement":[{"@type":"ListItem","position":1,"name":"Home","item":"https:\/\/texaswic.net\/"},{"@type":"ListItem","position":2,"name":"WIC Texas"}]},{"@type":"WebSite","@id":"https:\/\/texaswic.net\/#website","url":"https:\/\/texaswic.net\/","name":"TexasWic.Net","description":"Just another WordPress site","publisher":{"@id":"https:\/\/texaswic.net\/#organization"},"potentialAction":[{"@type":"SearchAction","target":{"@type":"EntryPoint","urlTemplate":"https:\/\/texaswic.net\/?s={search_term_string}"},"query-input":{"@type":"PropertyValueSpecification","valueRequired":true,"valueName":"search_term_string"}}],"inLanguage":"en-US"},{"@type":"Organization","@id":"https:\/\/texaswic.net\/#organization","name":"TexasWic.Net","url":"https:\/\/texaswic.net\/","logo":{"@type":"ImageObject","inLanguage":"en-US","@id":"https:\/\/texaswic.net\/#\/schema\/logo\/image\/","url":"http:\/\/texaswic.net\/wp-content\/uploads\/2021\/06\/minilogo.jpg","contentUrl":"http:\/\/texaswic.net\/wp-content\/uploads\/2021\/06\/minilogo.jpg","width":129,"height":129,"caption":"TexasWic.Net"},"image":{"@id":"https:\/\/texaswic.net\/#\/schema\/logo\/image\/"}}]}},"_links":{"self":[{"href":"https:\/\/texaswic.net\/index.php?rest_route=\/wp\/v2\/pages\/488","targetHints":{"allow":["GET"]}}],"collection":[{"href":"https:\/\/texaswic.net\/index.php?rest_route=\/wp\/v2\/pages"}],"about":[{"href":"https:\/\/texaswic.net\/index.php?rest_route=\/wp\/v2\/types\/page"}],"author":[{"embeddable":true,"href":"https:\/\/texaswic.net\/index.php?rest_route=\/wp\/v2\/users\/1"}],"replies":[{"embeddable":true,"href":"https:\/\/texaswic.net\/index.php?rest_route=%2Fwp%2Fv2%2Fcomments&post=488"}],"version-history":[{"count":0,"href":"https:\/\/texaswic.net\/index.php?rest_route=\/wp\/v2\/pages\/488\/revisions"}],"wp:attachment":[{"href":"https:\/\/texaswic.net\/index.php?rest_route=%2Fwp%2Fv2%2Fmedia&parent=488"}],"curies":[{"name":"wp","href":"https:\/\/api.w.org\/{rel}","templated":true}]}}