{"id":483,"date":"2021-07-15T21:05:32","date_gmt":"2021-07-15T21:05:32","guid":{"rendered":"http:\/\/texaswic.net\/?page_id=483"},"modified":"2021-07-15T21:20:54","modified_gmt":"2021-07-15T21:20:54","slug":"sobre-nosotros","status":"publish","type":"page","link":"https:\/\/texaswic.net\/?page_id=483&lang=es","title":{"rendered":"Sobre Nosotros"},"content":{"rendered":"\t\t<div data-elementor-type=\"wp-page\" data-elementor-id=\"483\" class=\"elementor elementor-483\">\n\t\t\t\t\t\t<section class=\"elementor-section elementor-top-section elementor-element elementor-element-168655d elementor-section-boxed elementor-section-height-default elementor-section-height-default\" data-id=\"168655d\" data-element_type=\"section\" data-e-type=\"section\">\n\t\t\t\t\t\t<div class=\"elementor-container elementor-column-gap-default\">\n\t\t\t\t\t<div class=\"elementor-column elementor-col-100 elementor-top-column elementor-element elementor-element-5d86f3e\" data-id=\"5d86f3e\" data-element_type=\"column\" data-e-type=\"column\">\n\t\t\t<div class=\"elementor-widget-wrap elementor-element-populated\">\n\t\t\t\t\t\t<div class=\"elementor-element elementor-element-2dcb717 elementor-widget elementor-widget-image\" data-id=\"2dcb717\" data-element_type=\"widget\" data-e-type=\"widget\" data-widget_type=\"image.default\">\n\t\t\t\t<div class=\"elementor-widget-container\">\n\t\t\t\t\t\t\t\t\t\t\t\t\t\t\t<img fetchpriority=\"high\" decoding=\"async\" width=\"1024\" height=\"683\" src=\"https:\/\/texaswic.net\/wp-content\/uploads\/2021\/06\/shutterstock_1073254475-1024x683.jpg\" class=\"attachment-large size-large wp-image-34\" alt=\"\" srcset=\"https:\/\/texaswic.net\/wp-content\/uploads\/2021\/06\/shutterstock_1073254475-1024x683.jpg 1024w, https:\/\/texaswic.net\/wp-content\/uploads\/2021\/06\/shutterstock_1073254475-scaled-e1624388770698.jpg 300w, https:\/\/texaswic.net\/wp-content\/uploads\/2021\/06\/shutterstock_1073254475-768x512.jpg 768w, https:\/\/texaswic.net\/wp-content\/uploads\/2021\/06\/shutterstock_1073254475-1536x1024.jpg 1536w, https:\/\/texaswic.net\/wp-content\/uploads\/2021\/06\/shutterstock_1073254475-2048x1365.jpg 2048w\" sizes=\"(max-width: 1024px) 100vw, 1024px\" \/>\t\t\t\t\t\t\t\t\t\t\t\t\t\t\t<\/div>\n\t\t\t\t<\/div>\n\t\t\t\t<div class=\"elementor-element elementor-element-fd93bf6 elementor-widget elementor-widget-text-editor\" data-id=\"fd93bf6\" data-element_type=\"widget\" data-e-type=\"widget\" data-widget_type=\"text-editor.default\">\n\t\t\t\t<div class=\"elementor-widget-container\">\n\t\t\t\t\t\t\t\t\t<p>\u00a0<\/p>\n<h1><span style=\"color: #000000;\">SOBRE NOSOTROS<\/span><\/h1>\n<p><span style=\"font-weight: 400;\">Somos un directorio seguro de oficinas de WIC y supermercados\u00a0 principalmente con productos aprobados por WIC en toda el \u00e1rea de Texas. Ya sea que se trate de\u00a0 una madre en\u00a0 busca de un lugar conveniente para comprar alimentos de WIC o un cliente potencial de WIC interesado en unirse al programa, estamos aqu\u00ed para ayudarlo a encontrar la informaci\u00f3n que necesita.<\/span><\/p>\n<p><span style=\"font-weight: 400;\">Texas WIC es un programa de asistencia nutricional que ayuda a beb\u00e9s, ni\u00f1os y madres embarazadas y lactantes. El programa brinda educaci\u00f3n, asesoramiento y beneficios de alimentos nutritivos gratuitos para las madres y sus beb\u00e9s hasta los 5 a\u00f1os de edad. Los beneficios incluyen alimentos para beb\u00e9s, f\u00f3rmula, f\u00f3rmula especial para beb\u00e9s, frutas, verduras, leche y mucho m\u00e1s.<\/span><\/p>\n<p><span style=\"font-weight: 400;\">Los beneficios de alimentos de\u00a0 WIC de Texas se pueden canjear en las tiendas de comestibles tradicionales (TWIC) y principalmente en las tiendas WIC (PWIC), donde la mayor\u00eda de los art\u00edculos almacenados est\u00e1n aprobados por WIC.<\/span><\/p>\n<p><span style=\"font-weight: 400;\">Las tiendas PWIC ayudan a que llevar los comestibles a casa sea a\u00fan m\u00e1s f\u00e1cil. No est\u00e1n afiliadas a WIC, pero las tiendas a menudo est\u00e1n ubicadas cerca de las cl\u00ednicas de WIC para facilitar la compra de alimentos de WIC.<\/span><\/p>\n<p><span style=\"font-weight: 400;\">Haga clic a continuaci\u00f3n para encontrar una cl\u00ednica WIC en Texas o una tienda de comestibles predominantemente con productos aprobados por WIC cerca de usted.<\/span><\/p>\n<div class=\"wp-block-button\"><span style=\"color: #ffffff;\"><a class=\"wp-block-button__link\" style=\"color: #ffffff;\" href=\"http:\/\/texaswic.net\/?gd_placecategory=wic-office&amp;sort_by=rating_count_desc\" target=\"_blank\" rel=\"noreferrer noopener\">TEXAS WIC CLINICS<\/a><\/span><\/div>\n<div>\u00a0<\/div>\n<div>\n<div class=\"wp-block-button\"><span style=\"color: #ffffff;\"><a class=\"wp-block-button__link\" style=\"color: #ffffff;\" href=\"http:\/\/texaswic.net\/?gd_placecategory=wic-store&amp;sort_by=rating_count_desc\" target=\"_blank\" rel=\"noreferrer noopener\">TEXAS PWIC STORES<\/a><\/span><\/div>\n<\/div>\n<p><span style=\"color: #ffffff;\"><!-- \/wp:button --><!-- wp:button --><\/span><\/p>\n<div><a href=\"http:\/\/jcfoodmart.com\">JC FOOD MART<\/a>, <a href=\"http:\/\/lonestarfamilymarket.com\">LONE STAR FAMILY MARKET<\/a> and <a href=\"http:\/\/groceryservicesnorth.com\">GROCERY SERVICES NORTH<\/a> ARE SERVICE PROVIDERS FOR THE WIC PROGRAM, NOT A PART OF THE WIC PROGRAM\u00a0<\/div>\t\t\t\t\t\t\t\t<\/div>\n\t\t\t\t<\/div>\n\t\t\t\t\t<\/div>\n\t\t<\/div>\n\t\t\t\t\t<\/div>\n\t\t<\/section>\n\t\t\t\t<\/div>\n\t\t","protected":false},"excerpt":{"rendered":"<p>SOBRE NOSOTROS Somos un directorio seguro de oficinas de WIC y supermercados&nbsp; principalmente con productos aprobados por WIC en toda el \u00e1rea de Texas. Ya sea que se trate de&nbsp; una madre en&nbsp; busca de un lugar conveniente para comprar alimentos de WIC o un cliente potencial de WIC interesado en unirse al programa, estamos [&hellip;]<\/p>\n","protected":false},"author":1,"featured_media":0,"parent":0,"menu_order":0,"comment_status":"closed","ping_status":"closed","template":"","meta":{"footnotes":""},"class_list":["post-483","page","type-page","status-publish","hentry"],"yoast_head":"<!-- This site is optimized with the Yoast SEO plugin v27.4 - https:\/\/yoast.com\/product\/yoast-seo-wordpress\/ -->\n<title>Sobre Nosotros - TexasWic.Net<\/title>\n<meta name=\"robots\" content=\"index, follow, max-snippet:-1, max-image-preview:large, max-video-preview:-1\" \/>\n<link rel=\"canonical\" href=\"https:\/\/texaswic.net\/?page_id=483&lang=es\" \/>\n<meta property=\"og:locale\" content=\"en_US\" \/>\n<meta property=\"og:type\" content=\"article\" \/>\n<meta property=\"og:title\" content=\"Sobre Nosotros - TexasWic.Net\" \/>\n<meta property=\"og:description\" content=\"SOBRE NOSOTROS Somos un directorio seguro de oficinas de WIC y supermercados&nbsp; principalmente con productos aprobados por WIC en toda el \u00e1rea de Texas. Ya sea que se trate de&nbsp; una madre en&nbsp; busca de un lugar conveniente para comprar alimentos de WIC o un cliente potencial de WIC interesado en unirse al programa, estamos [&hellip;]\" \/>\n<meta property=\"og:url\" content=\"https:\/\/texaswic.net\/?page_id=483&amp;lang=es\" \/>\n<meta property=\"og:site_name\" content=\"TexasWic.Net\" \/>\n<meta property=\"article:modified_time\" content=\"2021-07-15T21:20:54+00:00\" \/>\n<meta property=\"og:image\" content=\"http:\/\/texaswic.net\/wp-content\/uploads\/2021\/06\/shutterstock_1073254475-1024x683.jpg\" \/>\n<meta name=\"twitter:card\" content=\"summary_large_image\" \/>\n<meta name=\"twitter:label1\" content=\"Est. reading time\" \/>\n\t<meta name=\"twitter:data1\" content=\"2 minutes\" \/>\n<script type=\"application\/ld+json\" class=\"yoast-schema-graph\">{\"@context\":\"https:\\\/\\\/schema.org\",\"@graph\":[{\"@type\":\"WebPage\",\"@id\":\"https:\\\/\\\/texaswic.net\\\/?page_id=483&lang=es\",\"url\":\"https:\\\/\\\/texaswic.net\\\/?page_id=483&lang=es\",\"name\":\"Sobre Nosotros - TexasWic.Net\",\"isPartOf\":{\"@id\":\"https:\\\/\\\/texaswic.net\\\/#website\"},\"primaryImageOfPage\":{\"@id\":\"https:\\\/\\\/texaswic.net\\\/?page_id=483&lang=es#primaryimage\"},\"image\":{\"@id\":\"https:\\\/\\\/texaswic.net\\\/?page_id=483&lang=es#primaryimage\"},\"thumbnailUrl\":\"http:\\\/\\\/texaswic.net\\\/wp-content\\\/uploads\\\/2021\\\/06\\\/shutterstock_1073254475-1024x683.jpg\",\"datePublished\":\"2021-07-15T21:05:32+00:00\",\"dateModified\":\"2021-07-15T21:20:54+00:00\",\"breadcrumb\":{\"@id\":\"https:\\\/\\\/texaswic.net\\\/?page_id=483&lang=es#breadcrumb\"},\"inLanguage\":\"en-US\",\"potentialAction\":[{\"@type\":\"ReadAction\",\"target\":[\"https:\\\/\\\/texaswic.net\\\/?page_id=483&lang=es\"]}]},{\"@type\":\"ImageObject\",\"inLanguage\":\"en-US\",\"@id\":\"https:\\\/\\\/texaswic.net\\\/?page_id=483&lang=es#primaryimage\",\"url\":\"http:\\\/\\\/texaswic.net\\\/wp-content\\\/uploads\\\/2021\\\/06\\\/shutterstock_1073254475-1024x683.jpg\",\"contentUrl\":\"http:\\\/\\\/texaswic.net\\\/wp-content\\\/uploads\\\/2021\\\/06\\\/shutterstock_1073254475-1024x683.jpg\"},{\"@type\":\"BreadcrumbList\",\"@id\":\"https:\\\/\\\/texaswic.net\\\/?page_id=483&lang=es#breadcrumb\",\"itemListElement\":[{\"@type\":\"ListItem\",\"position\":1,\"name\":\"Home\",\"item\":\"https:\\\/\\\/texaswic.net\\\/\"},{\"@type\":\"ListItem\",\"position\":2,\"name\":\"Sobre Nosotros\"}]},{\"@type\":\"WebSite\",\"@id\":\"https:\\\/\\\/texaswic.net\\\/#website\",\"url\":\"https:\\\/\\\/texaswic.net\\\/\",\"name\":\"TexasWic.Net\",\"description\":\"Just another WordPress site\",\"publisher\":{\"@id\":\"https:\\\/\\\/texaswic.net\\\/#organization\"},\"potentialAction\":[{\"@type\":\"SearchAction\",\"target\":{\"@type\":\"EntryPoint\",\"urlTemplate\":\"https:\\\/\\\/texaswic.net\\\/?s={search_term_string}\"},\"query-input\":{\"@type\":\"PropertyValueSpecification\",\"valueRequired\":true,\"valueName\":\"search_term_string\"}}],\"inLanguage\":\"en-US\"},{\"@type\":\"Organization\",\"@id\":\"https:\\\/\\\/texaswic.net\\\/#organization\",\"name\":\"TexasWic.Net\",\"url\":\"https:\\\/\\\/texaswic.net\\\/\",\"logo\":{\"@type\":\"ImageObject\",\"inLanguage\":\"en-US\",\"@id\":\"https:\\\/\\\/texaswic.net\\\/#\\\/schema\\\/logo\\\/image\\\/\",\"url\":\"http:\\\/\\\/texaswic.net\\\/wp-content\\\/uploads\\\/2021\\\/06\\\/minilogo.jpg\",\"contentUrl\":\"http:\\\/\\\/texaswic.net\\\/wp-content\\\/uploads\\\/2021\\\/06\\\/minilogo.jpg\",\"width\":129,\"height\":129,\"caption\":\"TexasWic.Net\"},\"image\":{\"@id\":\"https:\\\/\\\/texaswic.net\\\/#\\\/schema\\\/logo\\\/image\\\/\"}}]}<\/script>\n<!-- \/ Yoast SEO plugin. -->","yoast_head_json":{"title":"Sobre Nosotros - TexasWic.Net","robots":{"index":"index","follow":"follow","max-snippet":"max-snippet:-1","max-image-preview":"max-image-preview:large","max-video-preview":"max-video-preview:-1"},"canonical":"https:\/\/texaswic.net\/?page_id=483&lang=es","og_locale":"en_US","og_type":"article","og_title":"Sobre Nosotros - TexasWic.Net","og_description":"SOBRE NOSOTROS Somos un directorio seguro de oficinas de WIC y supermercados&nbsp; principalmente con productos aprobados por WIC en toda el \u00e1rea de Texas. Ya sea que se trate de&nbsp; una madre en&nbsp; busca de un lugar conveniente para comprar alimentos de WIC o un cliente potencial de WIC interesado en unirse al programa, estamos [&hellip;]","og_url":"https:\/\/texaswic.net\/?page_id=483&lang=es","og_site_name":"TexasWic.Net","article_modified_time":"2021-07-15T21:20:54+00:00","og_image":[{"url":"http:\/\/texaswic.net\/wp-content\/uploads\/2021\/06\/shutterstock_1073254475-1024x683.jpg","type":"","width":"","height":""}],"twitter_card":"summary_large_image","twitter_misc":{"Est. reading time":"2 minutes"},"schema":{"@context":"https:\/\/schema.org","@graph":[{"@type":"WebPage","@id":"https:\/\/texaswic.net\/?page_id=483&lang=es","url":"https:\/\/texaswic.net\/?page_id=483&lang=es","name":"Sobre Nosotros - TexasWic.Net","isPartOf":{"@id":"https:\/\/texaswic.net\/#website"},"primaryImageOfPage":{"@id":"https:\/\/texaswic.net\/?page_id=483&lang=es#primaryimage"},"image":{"@id":"https:\/\/texaswic.net\/?page_id=483&lang=es#primaryimage"},"thumbnailUrl":"http:\/\/texaswic.net\/wp-content\/uploads\/2021\/06\/shutterstock_1073254475-1024x683.jpg","datePublished":"2021-07-15T21:05:32+00:00","dateModified":"2021-07-15T21:20:54+00:00","breadcrumb":{"@id":"https:\/\/texaswic.net\/?page_id=483&lang=es#breadcrumb"},"inLanguage":"en-US","potentialAction":[{"@type":"ReadAction","target":["https:\/\/texaswic.net\/?page_id=483&lang=es"]}]},{"@type":"ImageObject","inLanguage":"en-US","@id":"https:\/\/texaswic.net\/?page_id=483&lang=es#primaryimage","url":"http:\/\/texaswic.net\/wp-content\/uploads\/2021\/06\/shutterstock_1073254475-1024x683.jpg","contentUrl":"http:\/\/texaswic.net\/wp-content\/uploads\/2021\/06\/shutterstock_1073254475-1024x683.jpg"},{"@type":"BreadcrumbList","@id":"https:\/\/texaswic.net\/?page_id=483&lang=es#breadcrumb","itemListElement":[{"@type":"ListItem","position":1,"name":"Home","item":"https:\/\/texaswic.net\/"},{"@type":"ListItem","position":2,"name":"Sobre Nosotros"}]},{"@type":"WebSite","@id":"https:\/\/texaswic.net\/#website","url":"https:\/\/texaswic.net\/","name":"TexasWic.Net","description":"Just another WordPress site","publisher":{"@id":"https:\/\/texaswic.net\/#organization"},"potentialAction":[{"@type":"SearchAction","target":{"@type":"EntryPoint","urlTemplate":"https:\/\/texaswic.net\/?s={search_term_string}"},"query-input":{"@type":"PropertyValueSpecification","valueRequired":true,"valueName":"search_term_string"}}],"inLanguage":"en-US"},{"@type":"Organization","@id":"https:\/\/texaswic.net\/#organization","name":"TexasWic.Net","url":"https:\/\/texaswic.net\/","logo":{"@type":"ImageObject","inLanguage":"en-US","@id":"https:\/\/texaswic.net\/#\/schema\/logo\/image\/","url":"http:\/\/texaswic.net\/wp-content\/uploads\/2021\/06\/minilogo.jpg","contentUrl":"http:\/\/texaswic.net\/wp-content\/uploads\/2021\/06\/minilogo.jpg","width":129,"height":129,"caption":"TexasWic.Net"},"image":{"@id":"https:\/\/texaswic.net\/#\/schema\/logo\/image\/"}}]}},"_links":{"self":[{"href":"https:\/\/texaswic.net\/index.php?rest_route=\/wp\/v2\/pages\/483","targetHints":{"allow":["GET"]}}],"collection":[{"href":"https:\/\/texaswic.net\/index.php?rest_route=\/wp\/v2\/pages"}],"about":[{"href":"https:\/\/texaswic.net\/index.php?rest_route=\/wp\/v2\/types\/page"}],"author":[{"embeddable":true,"href":"https:\/\/texaswic.net\/index.php?rest_route=\/wp\/v2\/users\/1"}],"replies":[{"embeddable":true,"href":"https:\/\/texaswic.net\/index.php?rest_route=%2Fwp%2Fv2%2Fcomments&post=483"}],"version-history":[{"count":0,"href":"https:\/\/texaswic.net\/index.php?rest_route=\/wp\/v2\/pages\/483\/revisions"}],"wp:attachment":[{"href":"https:\/\/texaswic.net\/index.php?rest_route=%2Fwp%2Fv2%2Fmedia&parent=483"}],"curies":[{"name":"wp","href":"https:\/\/api.w.org\/{rel}","templated":true}]}}